{"id":378,"date":"2020-04-14T23:36:45","date_gmt":"2020-04-14T23:36:45","guid":{"rendered":"https:\/\/aerocare.com.ar\/capacitacion-aeromedica\/"},"modified":"2020-09-15T18:10:34","modified_gmt":"2020-09-15T21:10:34","slug":"capacitacao-aeromedica","status":"publish","type":"page","link":"https:\/\/aerocare.com.bo\/pt-br\/capacitacao-aeromedica\/","title":{"rendered":"Capacita\u00e7\u00e3o Aerom\u00e9dica"},"content":{"rendered":"","protected":false},"excerpt":{"rendered":"","protected":false},"author":1,"featured_media":0,"parent":0,"menu_order":0,"comment_status":"closed","ping_status":"closed","template":"","meta":{"_monsterinsights_skip_tracking":false,"_monsterinsights_sitenote_active":false,"_monsterinsights_sitenote_note":"","_monsterinsights_sitenote_category":0,"footnotes":""},"class_list":["post-378","page","type-page","status-publish","hentry"],"_links":{"self":[{"href":"https:\/\/aerocare.com.bo\/pt-br\/wp-json\/wp\/v2\/pages\/378","targetHints":{"allow":["GET"]}}],"collection":[{"href":"https:\/\/aerocare.com.bo\/pt-br\/wp-json\/wp\/v2\/pages"}],"about":[{"href":"https:\/\/aerocare.com.bo\/pt-br\/wp-json\/wp\/v2\/types\/page"}],"author":[{"embeddable":true,"href":"https:\/\/aerocare.com.bo\/pt-br\/wp-json\/wp\/v2\/users\/1"}],"replies":[{"embeddable":true,"href":"https:\/\/aerocare.com.bo\/pt-br\/wp-json\/wp\/v2\/comments?post=378"}],"version-history":[{"count":3,"href":"https:\/\/aerocare.com.bo\/pt-br\/wp-json\/wp\/v2\/pages\/378\/revisions"}],"predecessor-version":[{"id":381,"href":"https:\/\/aerocare.com.bo\/pt-br\/wp-json\/wp\/v2\/pages\/378\/revisions\/381"}],"wp:attachment":[{"href":"https:\/\/aerocare.com.bo\/pt-br\/wp-json\/wp\/v2\/media?parent=378"}],"curies":[{"name":"wp","href":"https:\/\/api.w.org\/{rel}","templated":true}]}}